{"id":3,"date":"2020-10-12T10:45:20","date_gmt":"2020-10-12T08:45:20","guid":{"rendered":"http:\/\/immo-expertise.fr\/?page_id=3"},"modified":"2021-07-07T11:43:09","modified_gmt":"2021-07-07T09:43:09","slug":"politique-de-confidentialite","status":"publish","type":"page","link":"https:\/\/immo-expertise.fr\/index.php\/politique-de-confidentialite\/","title":{"rendered":"Politique de confidentialit\u00e9"},"content":{"rendered":"\t\t<div data-elementor-type=\"wp-page\" data-elementor-id=\"3\" class=\"elementor elementor-3\">\n\t\t\t\t\t\t\t\t\t<section class=\"elementor-section elementor-top-section elementor-element elementor-element-5854937 elementor-section-boxed elementor-section-height-default elementor-section-height-default\" data-id=\"5854937\" data-element_type=\"section\">\n\t\t\t\t\t\t<div class=\"elementor-container elementor-column-gap-default\">\n\t\t\t\t\t<div class=\"elementor-column elementor-col-100 elementor-top-column elementor-element elementor-element-58f3c535\" data-id=\"58f3c535\" data-element_type=\"column\">\n\t\t\t<div class=\"elementor-widget-wrap elementor-element-populated\">\n\t\t\t\t\t\t\t\t<div class=\"elementor-element elementor-element-16eb8718 elementor-widget elementor-widget-text-editor\" data-id=\"16eb8718\" data-element_type=\"widget\" data-widget_type=\"text-editor.default\">\n\t\t\t\t<div class=\"elementor-widget-container\">\n\t\t\t\t\t\t\t<p><!-- wp:heading --><\/p>\n<h2>Qui sommes-nous&nbsp;?<\/h2>\n<p><!-- \/wp:heading --><\/p>\n<p><!-- wp:paragraph --><\/p>\n<p>L\u2019adresse de notre site Web est&nbsp;: http:\/\/immo-expertise.fr.<\/p>\n<p>Nous g\u00e9rons \u00e9galement l&#8217;application &#8220;LA MAISON DE LILWENN&#8221; disponible sur les plateformes IOS et ANDROID<\/p>\n<p><!-- \/wp:paragraph --><\/p>\n<p><!-- wp:heading --><\/p>\n<h2>Utilisation des donn\u00e9es personnelles collect\u00e9es<\/h2>\n<p><!-- \/wp:heading --><\/p>\n<p><!-- wp:heading {\"level\":3} --><\/p>\n<h3>Commentaires<\/h3>\n<p><!-- \/wp:heading --><\/p>\n<p><!-- wp:paragraph --><\/p>\n<p>Quand vous laissez un commentaire sur notre site web, les donn\u00e9es inscrites dans le formulaire de commentaire, mais aussi votre adresse IP et l\u2019agent utilisateur de votre navigateur sont collect\u00e9s pour nous aider \u00e0 la d\u00e9tection des commentaires ind\u00e9sirables.<\/p>\n<p><!-- \/wp:paragraph --><\/p>\n<p><!-- wp:paragraph --><\/p>\n<p>Une cha\u00eene anonymis\u00e9e cr\u00e9\u00e9e \u00e0 partir de votre adresse de messagerie (\u00e9galement appel\u00e9e hash) peut \u00eatre envoy\u00e9e au service Gravatar pour v\u00e9rifier si vous utilisez ce dernier. Les clauses de confidentialit\u00e9 du service Gravatar sont disponibles ici&nbsp;: https:\/\/automattic.com\/privacy\/. Apr\u00e8s validation de votre commentaire, votre photo de profil sera visible publiquement \u00e0 cot\u00e9 de votre commentaire.<\/p>\n<p><!-- \/wp:paragraph --><\/p>\n<p><!-- wp:heading {\"level\":3} --><\/p>\n<h3>M\u00e9dias<\/h3>\n<p><!-- \/wp:heading --><\/p>\n<p><!-- wp:paragraph --><\/p>\n<p>Si vous \u00eates un utilisateur ou une utilisatrice enregistr\u00e9\u00b7e et que vous t\u00e9l\u00e9versez des images sur le site web, nous vous conseillons d\u2019\u00e9viter de t\u00e9l\u00e9verser des images contenant des donn\u00e9es EXIF de coordonn\u00e9es GPS. Les visiteurs de votre site web peuvent t\u00e9l\u00e9charger et extraire des donn\u00e9es de localisation depuis ces images.<\/p>\n<p><!-- \/wp:paragraph --><\/p>\n<p><!-- wp:heading {\"level\":3} --><\/p>\n<h3>Formulaires de contact<\/h3>\n<p><!-- \/wp:heading --><\/p>\n<p><!-- wp:heading {\"level\":3} --><\/p>\n<h3>Cookies<\/h3>\n<p><!-- \/wp:heading --><\/p>\n<p><!-- wp:paragraph --><\/p>\n<p>Si vous d\u00e9posez un commentaire sur notre site, il vous sera propos\u00e9 d\u2019enregistrer votre nom, adresse de messagerie et site web dans des cookies. C\u2019est uniquement pour votre confort afin de ne pas avoir \u00e0 saisir ces informations si vous d\u00e9posez un autre commentaire plus tard. Ces cookies expirent au bout d\u2019un an.<\/p>\n<p><!-- \/wp:paragraph --><\/p>\n<p><!-- wp:paragraph --><\/p>\n<p>Si vous avez un compte et que vous vous connectez sur ce site, un cookie temporaire sera cr\u00e9\u00e9 afin de d\u00e9terminer si votre navigateur accepte les cookies. Il ne contient pas de donn\u00e9es personnelles et sera supprim\u00e9 automatiquement \u00e0 la fermeture de votre navigateur.<\/p>\n<p><!-- \/wp:paragraph --><\/p>\n<p><!-- wp:paragraph --><\/p>\n<p>Lorsque vous vous connecterez, nous mettrons en place un certain nombre de cookies pour enregistrer vos informations de connexion et vos pr\u00e9f\u00e9rences d\u2019\u00e9cran. La dur\u00e9e de vie d\u2019un cookie de connexion est de deux jours, celle d\u2019un cookie d\u2019option d\u2019\u00e9cran est d\u2019un an. Si vous cochez \u00ab&nbsp;Se souvenir de moi&nbsp;\u00bb, votre cookie de connexion sera conserv\u00e9 pendant deux semaines. Si vous vous d\u00e9connectez de votre compte, le cookie de connexion sera effac\u00e9.<\/p>\n<p><!-- \/wp:paragraph --><\/p>\n<p><!-- wp:paragraph --><\/p>\n<p>En modifiant ou en publiant une publication, un cookie suppl\u00e9mentaire sera enregistr\u00e9 dans votre navigateur. Ce cookie ne comprend aucune donn\u00e9e personnelle. Il indique simplement l\u2019ID de la publication que vous venez de modifier. Il expire au bout d\u2019un jour.<\/p>\n<p><!-- \/wp:paragraph --><\/p>\n<p><!-- wp:heading {\"level\":3} --><\/p>\n<h3>Contenu embarqu\u00e9 depuis d\u2019autres sites<\/h3>\n<p><!-- \/wp:heading --><\/p>\n<p><!-- wp:paragraph --><\/p>\n<p>Les articles de ce site peuvent inclure des contenus int\u00e9gr\u00e9s (par exemple des vid\u00e9os, images, articles\u2026). Le contenu int\u00e9gr\u00e9 depuis d\u2019autres sites se comporte de la m\u00eame mani\u00e8re que si le visiteur se rendait sur cet autre site.<\/p>\n<p><!-- \/wp:paragraph --><\/p>\n<p><!-- wp:paragraph --><\/p>\n<p>Ces sites web pourraient collecter des donn\u00e9es sur vous, utiliser des cookies, embarquer des outils de suivis tiers, suivre vos interactions avec ces contenus embarqu\u00e9s si vous disposez d\u2019un compte connect\u00e9 sur leur site web.<\/p>\n<p><!-- \/wp:paragraph --><\/p>\n<p><!-- wp:heading {\"level\":3} --><\/p>\n<h3>&nbsp;<\/h3>\n<p><!-- \/wp:heading --><\/p>\n<p><!-- wp:heading --><\/p>\n<h2>Utilisation et transmission de vos donn\u00e9es personnelles<\/h2>\n<p><!-- \/wp:heading --><\/p>\n<p><!-- wp:heading --><\/p>\n<h2><span style=\"caret-color: rgb(122, 122, 122); color: rgb(122, 122, 122); font-family: Roboto, sans-serif; font-size: 16px;\">Le registre simplifi\u00e9 RGPD est consultable sur demande \u00e0 md.immoexpertise@gmail.com<\/span><br><\/h2><h2>Dur\u00e9es de stockage de vos donn\u00e9es<\/h2>\n<p><!-- \/wp:heading --><\/p>\n<p><!-- wp:paragraph --><\/p>\n<p>Si vous laissez un commentaire, le commentaire et ses m\u00e9tadonn\u00e9es sont conserv\u00e9s ind\u00e9finiment. Cela permet de reconna\u00eetre et approuver automatiquement les commentaires suivants au lieu de les laisser dans la file de mod\u00e9ration.<\/p>\n<p><!-- \/wp:paragraph --><\/p>\n<p><!-- wp:paragraph --><\/p>\n<p>Pour les utilisateurs et utilisatrices qui s\u2019enregistrent sur notre site (si cela est possible), nous stockons \u00e9galement les donn\u00e9es personnelles indiqu\u00e9es dans leur profil. Tous les utilisateurs et utilisatrices peuvent voir, modifier ou supprimer leurs informations personnelles \u00e0 tout moment (\u00e0 l\u2019exception de leur nom d\u2019utilisateur\u00b7ice). Les gestionnaires du site peuvent aussi voir et modifier ces informations.<\/p>\n<p><!-- \/wp:paragraph --><\/p>\n<p><!-- wp:heading --><\/p>\n<h2>Les droits que vous avez sur vos donn\u00e9es<\/h2>\n<p><!-- \/wp:heading --><\/p>\n<p><!-- wp:paragraph --><\/p>\n<p>Si vous avez un compte ou si vous avez laiss\u00e9 des commentaires sur le site, vous pouvez demander \u00e0 recevoir un fichier contenant toutes les donn\u00e9es personnelles que nous poss\u00e9dons \u00e0 votre sujet, incluant celles que vous nous avez fournies.<\/p>\n<p>&nbsp;Conform\u00e9ment \u00e0 la loi Informatique et Libert\u00e9s du 6 janvier 1978 modifi\u00e9e, ainsi qu&#8217;au R\u00e8glement Europ\u00e9en G\u00e9n\u00e9ral sur la Protection des Donn\u00e9es 2016\/679 (RGPD), vous disposez des droits d\u2019acc\u00e8s, de rectification et de suppression des donn\u00e9es personnelles vous concernant, que vous pouvez exercer en utilisant le formulaire de contact du site ou en nous faisant parvenir un courrier postal \u00e0 l&#8217;adresse : ImmoExpertise, 27 Avenue du G\u00e9n\u00e9ral de Gaulle 02190 VILLENEUVE SUR AISNE \u2013 France.&nbsp;<\/p>\n<p>Conform\u00e9ment \u00e0 la r\u00e9glementation en vigueur, votre courrier doit \u00eatre sign\u00e9 et accompagn\u00e9 de la photocopie d\u2019un titre d\u2019identit\u00e9 portant votre signature et pr\u00e9ciser l\u2019adresse \u00e0 laquelle doit vous parvenir la r\u00e9ponse. Une r\u00e9ponse vous sera alors adress\u00e9e dans un d\u00e9lai de 2 mois suivant la r\u00e9ception de la demande.<\/p>\n<p>Le site www.ImmoExpertise.com et l&#8217;application LA MAISON DE LILWENN sont \u00e9dit\u00e9s par la soci\u00e9t\u00e9 \u00ab ImmoExpertise \u00bb, SASU, dont le si\u00e8ge social est situ\u00e9 au : 27 Avenue du G\u00e9n\u00e9ral de Gaulle 02190 VILLENEUVE SUR AISNE &#8211; TEL 06 60 51 61 86<span style=\"color: #5e5e5e; font-family: Helvetica; font-size: 15px;\">&nbsp;.<\/span>&nbsp;Vous pouvez \u00e9galement demander la suppression des donn\u00e9es personnelles vous concernant. Cela ne prend pas en compte les donn\u00e9es stock\u00e9es \u00e0 des fins administratives, l\u00e9gales ou pour des raisons de s\u00e9curit\u00e9.<\/p>\n<p><!-- \/wp:paragraph --><\/p>\n<p><!-- wp:heading --><\/p>\n<h2>Transmission de vos donn\u00e9es personnelles<\/h2>\n<p><!-- \/wp:heading --><\/p>\n<p><!-- wp:paragraph --><\/p>\n<p>Les commentaires des visiteurs peuvent \u00eatre v\u00e9rifi\u00e9s \u00e0 l\u2019aide d\u2019un service automatis\u00e9 de d\u00e9tection des commentaires ind\u00e9sirables.<\/p>\n<p><!-- \/wp:paragraph --><\/p>\n<p><!-- wp:heading --><\/p>\n<h2>Informations de contact<\/h2>\n<div>Nous sommes joignables par mail : md.immoexpertise@gmail.com<\/div>\n<p><!-- \/wp:heading --><\/p>\n<p><!-- wp:heading --><\/p>\n<h2><span style=\"font-size: 2.8rem;\">Informations suppl\u00e9mentaires<\/span><\/h2>\n<p><!-- \/wp:heading --><\/p>\n<p><!-- wp:heading {\"level\":3} --><\/p>\n<h3>Comment nous prot\u00e9geons vos donn\u00e9es<\/h3>\n<div>Vos donn\u00e9es sont stock\u00e9es sur notre serveur interne et ne sont pas destin\u00e9es \u00e0 \u00eatre divulgu\u00e9es ou utilis\u00e9es \u00e0 d&#8217;autres fins commerciales que les n\u00f4tres et dans le cadre de la gestion de la relation client\u00e8le.<\/div>\n<p><!-- \/wp:heading --><\/p>\n<p><!-- wp:heading {\"level\":3} --><\/p>\n<h3>Op\u00e9rations de marketing automatis\u00e9 et\/ou de profilage r\u00e9alis\u00e9es \u00e0 l\u2019aide des donn\u00e9es personnelles<\/h3>\n<div>Nous pouvons \u00eatre amen\u00e9s \u00e0 vous faire parvenir un mailing vous proposant nos nouvelles offres et celles de nos filiales, vous aurez la possibilit\u00e9 de vous en d\u00e9sabonner \u00e0 tout moment via le mail qui vous sera envoy\u00e9.<\/div>\n<p><!-- \/wp:heading --><\/p>\n<p><!-- wp:heading {\"level\":3} --><\/p>\n<h2>Propri\u00e9t\u00e9 intellectuelle<\/h2>\n<p>L\u2019ensemble des \u00e9l\u00e9ments constituant ce site et l&#8217;application LA MAISON DE LILWENN: texte, graphismes, logiciels, photographies, images, vid\u00e9os, sons, plans, noms, logos, marques, cr\u00e9ations et \u0153uvres prot\u00e9geables diverses, bases de donn\u00e9es, d\u00e9pos\u00e9s ou non, et ainsi que le site lui-m\u00eame rel\u00e8vent des l\u00e9gislations fran\u00e7aises et internationales sur le droit d\u2019auteur et la protection intellectuelle. En particulier, les photos et plans sont la propri\u00e9t\u00e9 d&#8217;ImmoExpertise et ne peuvent en aucun cas \u00eatre transmis \u00e0 des tiers. ImmoExpertise se r\u00e9serve le droit d&#8217;engager des poursuites judiciaires en cas de violation.<\/p>\n<p>Le site ImmoExpertise.com est la propri\u00e9t\u00e9 d\u2019ImmoExpertise. Les \u00e9l\u00e9ments de ce site et des applications en d\u00e9coulant sont la propri\u00e9t\u00e9 ou sont utilis\u00e9s par ImmoExpertise avec l\u2019accord des titulaires des droits.<\/p>\n<p>Conform\u00e9ment au Code de la Propri\u00e9t\u00e9 intellectuelle, il est interdit d\u2019utiliser et\/ou reproduire et\/ou repr\u00e9senter et\/ou modifier et\/ou adapter et\/ou traduire et\/ou copier et\/ou distribuer, l\u2019un quelconque des \u00e9l\u00e9ments du site, de l&#8217;application ou le site lui-m\u00eame de fa\u00e7on int\u00e9grale ou partielle, sur quelque support que ce soit (\u00e9lectronique, papier ou tout autre support) sans l\u2019autorisation expresse et pr\u00e9alable d\u2019ImmoExpertise.<\/p>\n<p>Toute utilisation non express\u00e9ment autoris\u00e9e entra\u00eene une violation des droits d\u2019auteur et constitue une contrefa\u00e7on. Elle peut aussi entra\u00eener une violation des droits des personnes et de tous autres droits et r\u00e9glementations en vigueur. Elle peut donc engager la responsabilit\u00e9 civile et\/ou p\u00e9nale de son auteur. ImmoExpertise se r\u00e9serve le droit d\u2019engager des poursuites judiciaires \u00e0 l\u2019encontre de toute personne qui n\u2019aurait pas respect\u00e9 cette interdiction.<\/p>\n<div>&nbsp;<\/div>\n<p><!-- \/wp:heading --><\/p>\t\t\t\t\t\t<\/div>\n\t\t\t\t<\/div>\n\t\t\t\t\t<\/div>\n\t\t<\/div>\n\t\t\t\t\t\t\t<\/div>\n\t\t<\/section>\n\t\t\t\t\t\t\t<\/div>\n\t\t","protected":false},"excerpt":{"rendered":"<p>Qui sommes-nous&nbsp;? L\u2019adresse de notre site Web est&nbsp;: http:\/\/immo-expertise.fr. Nous g\u00e9rons \u00e9galement l&#8217;application &#8220;LA MAISON DE LILWENN&#8221; disponible sur les plateformes IOS et ANDROID Utilisation des donn\u00e9es personnelles collect\u00e9es Commentaires&hellip;<a href=\"https:\/\/immo-expertise.fr\/index.php\/politique-de-confidentialite\/\" class=\"more-link\"><span class=\"more-button\">Continue reading<span class=\"screen-reader-text\">Politique de confidentialit\u00e9<\/span><\/span><\/a><\/p>\n","protected":false},"author":1,"featured_media":0,"parent":0,"menu_order":0,"comment_status":"closed","ping_status":"open","template":"","meta":{"content-type":"","footnotes":""},"class_list":["post-3","page","type-page","status-publish","hentry"],"_links":{"self":[{"href":"https:\/\/immo-expertise.fr\/index.php\/wp-json\/wp\/v2\/pages\/3","targetHints":{"allow":["GET"]}}],"collection":[{"href":"https:\/\/immo-expertise.fr\/index.php\/wp-json\/wp\/v2\/pages"}],"about":[{"href":"https:\/\/immo-expertise.fr\/index.php\/wp-json\/wp\/v2\/types\/page"}],"author":[{"embeddable":true,"href":"https:\/\/immo-expertise.fr\/index.php\/wp-json\/wp\/v2\/users\/1"}],"replies":[{"embeddable":true,"href":"https:\/\/immo-expertise.fr\/index.php\/wp-json\/wp\/v2\/comments?post=3"}],"version-history":[{"count":4,"href":"https:\/\/immo-expertise.fr\/index.php\/wp-json\/wp\/v2\/pages\/3\/revisions"}],"predecessor-version":[{"id":118,"href":"https:\/\/immo-expertise.fr\/index.php\/wp-json\/wp\/v2\/pages\/3\/revisions\/118"}],"wp:attachment":[{"href":"https:\/\/immo-expertise.fr\/index.php\/wp-json\/wp\/v2\/media?parent=3"}],"curies":[{"name":"wp","href":"https:\/\/api.w.org\/{rel}","templated":true}]}}