{"id":17,"date":"2020-10-14T14:37:49","date_gmt":"2020-10-14T12:37:49","guid":{"rendered":"https:\/\/immo-expertise.fr\/index.php\/home\/"},"modified":"2020-11-02T11:09:03","modified_gmt":"2020-11-02T10:09:03","slug":"home","status":"publish","type":"page","link":"https:\/\/immo-expertise.fr\/","title":{"rendered":"Combien vaut votre bien immobilier ?"},"content":{"rendered":"\t\t<div data-elementor-type=\"wp-page\" data-elementor-id=\"17\" class=\"elementor elementor-17\">\n\t\t\t\t\t\t\t\t\t<section class=\"elementor-section elementor-top-section elementor-element elementor-element-91fd087 elementor-section-boxed elementor-section-height-default elementor-section-height-default\" data-id=\"91fd087\" data-element_type=\"section\">\n\t\t\t\t\t\t<div class=\"elementor-container elementor-column-gap-default\">\n\t\t\t\t\t<div class=\"elementor-column elementor-col-100 elementor-top-column elementor-element elementor-element-3edd89b\" data-id=\"3edd89b\" data-element_type=\"column\">\n\t\t\t<div class=\"elementor-widget-wrap elementor-element-populated\">\n\t\t\t\t\t\t\t\t<section class=\"elementor-section elementor-inner-section elementor-element elementor-element-f5cc2d1 elementor-section-boxed elementor-section-height-default elementor-section-height-default\" data-id=\"f5cc2d1\" data-element_type=\"section\">\n\t\t\t\t\t\t<div class=\"elementor-container elementor-column-gap-default\">\n\t\t\t\t\t<div class=\"elementor-column elementor-col-66 elementor-inner-column elementor-element elementor-element-becac37\" data-id=\"becac37\" data-element_type=\"column\">\n\t\t\t<div class=\"elementor-widget-wrap elementor-element-populated\">\n\t\t\t\t\t\t\t\t<div class=\"elementor-element elementor-element-1efd7e9 elementor-widget-divider--view-line_text elementor-widget-divider--separator-type-pattern elementor-widget-divider--element-align-center elementor-widget elementor-widget-divider\" data-id=\"1efd7e9\" data-element_type=\"widget\" data-widget_type=\"divider.default\">\n\t\t\t\t<div class=\"elementor-widget-container\">\n\t\t\t\t\t<div class=\"elementor-divider\" style=\"--divider-pattern-url: url(&quot;data:image\/svg+xml,%3Csvg xmlns=&#039;http:\/\/www.w3.org\/2000\/svg&#039; preserveAspectRatio=&#039;none&#039; overflow=&#039;visible&#039; height=&#039;100%&#039; viewBox=&#039;0 0 24 24&#039; fill=&#039;none&#039; stroke=&#039;black&#039; stroke-width=&#039;6.2&#039; stroke-linecap=&#039;square&#039; stroke-miterlimit=&#039;10&#039;%3E%3Cpath d=&#039;M0,6c6,0,0.9,11.1,6.9,11.1S18,6,24,6&#039;\/%3E%3C\/svg%3E&quot;);\">\n\t\t\t<span class=\"elementor-divider-separator\">\n\t\t\t\t\t\t\t<span class=\"elementor-divider__text elementor-divider__element\">\n\t\t\t\tPourquoi un Expert immobilier ?\t\t\t\t<\/span>\n\t\t\t\t\t\t<\/span>\n\t\t<\/div>\n\t\t\t\t<\/div>\n\t\t\t\t<\/div>\n\t\t\t\t<div class=\"elementor-element elementor-element-38420e9 elementor-widget elementor-widget-text-editor\" data-id=\"38420e9\" data-element_type=\"widget\" data-widget_type=\"text-editor.default\">\n\t\t\t\t<div class=\"elementor-widget-container\">\n\t\t\t\t\t\t\t<h5>La\u00a0mission de l\u2019expert immobilier est de d\u00e9terminer de fa\u00e7on pr\u00e9cise et objective la\u00a0valeur v\u00e9nale\u00a0d\u2019un bien,\u00a0c\u2019est-\u00e0-dire le prix auquel ce bien peut \u00eatre vendu d\u2019apr\u00e8s l\u2019\u00e9tat du march\u00e9 \u00e0 un instant donn\u00e9.<\/h5><h5><strong><span style=\"color: #ff0000;\">Conna\u00eetre la\u00a0valeur de son patrimoine<\/span><\/strong>\u00a0est parfois capital au cours de son existence, en cas de vente ou d\u2019achat bien s\u00fbr, mais aussi en garantie de pr\u00eat, en apport dans une soci\u00e9t\u00e9, en cas de don ou de partage, d\u2019imposition de solidarit\u00e9 sur la fortune, de calcul de plus-values, de liquidation de communaut\u00e9, d\u2019expropriation, de cr\u00e9dit-bail ou de gage, ou tout simplement pour une meilleure gestion de votre patrimoine.<\/h5><h5><strong><span style=\"color: #ff0000;\">L\u2019expert se charge donc de pr\u00e9ciser le prix d\u2019un bien<\/span><\/strong>, qu\u2019il s\u2019agisse d\u2019une habitation, d\u2019un entrep\u00f4t, d\u2019un fonds de commerce, d\u2019une entreprise, d\u2019un terrain agricole, d\u2019une for\u00eat, d\u2019un magasin \u2026, que le bien soit \u00e0 louer ou \u00e0 vendre. L\u2019expert n\u2019estime pas le bien en fonction des demandes du client, il doit\u00a0estimer\u00a0sa valeur r\u00e9elle sur la base de crit\u00e8res objectifs.<\/h5><h5>Il intervient \u00e0 la demande du\u00a0propri\u00e9taire, d\u2019un\u00a0acheteur potentiel\u00a0mais \u00e9galement d\u2019un\u00a0juge\u00a0ou d\u2019un\u00a0notaire\u00a0(contentieux ou succession), d\u2019un\u00a0assureur\u00a0ou d\u2019un\u00a0gestionnaire de patrimoine\u00a0(signature de contrat), ou \u00e0 la demande des\u00a0services fiscaux. Son analyse se fait de mani\u00e8re objective \u00e0 la suite d\u2019une investigation pr\u00e9cise.<\/h5>\t\t\t\t\t\t<\/div>\n\t\t\t\t<\/div>\n\t\t\t\t\t<\/div>\n\t\t<\/div>\n\t\t\t\t<div class=\"elementor-column elementor-col-33 elementor-inner-column elementor-element elementor-element-914c88c\" data-id=\"914c88c\" data-element_type=\"column\">\n\t\t\t<div class=\"elementor-widget-wrap elementor-element-populated\">\n\t\t\t\t\t\t\t\t<div class=\"elementor-element elementor-element-56a9bf7 elementor-widget elementor-widget-image\" data-id=\"56a9bf7\" data-element_type=\"widget\" data-widget_type=\"image.default\">\n\t\t\t\t<div class=\"elementor-widget-container\">\n\t\t\t\t\t\t\t\t\t\t\t\t\t\t\t<img loading=\"lazy\" decoding=\"async\" width=\"625\" height=\"900\" src=\"https:\/\/immo-expertise.fr\/wp-content\/uploads\/2020\/10\/two-storeyed-small-house-625x900.jpg\" class=\"attachment-versatile-business-slider size-versatile-business-slider wp-image-82\" alt=\"\" srcset=\"https:\/\/immo-expertise.fr\/wp-content\/uploads\/2020\/10\/two-storeyed-small-house-625x900.jpg 625w, https:\/\/immo-expertise.fr\/wp-content\/uploads\/2020\/10\/two-storeyed-small-house-208x300.jpg 208w, https:\/\/immo-expertise.fr\/wp-content\/uploads\/2020\/10\/two-storeyed-small-house-711x1024.jpg 711w, https:\/\/immo-expertise.fr\/wp-content\/uploads\/2020\/10\/two-storeyed-small-house-768x1106.jpg 768w, https:\/\/immo-expertise.fr\/wp-content\/uploads\/2020\/10\/two-storeyed-small-house-1066x1536.jpg 1066w, https:\/\/immo-expertise.fr\/wp-content\/uploads\/2020\/10\/two-storeyed-small-house-1422x2048.jpg 1422w, https:\/\/immo-expertise.fr\/wp-content\/uploads\/2020\/10\/two-storeyed-small-house-430x620.jpg 430w, https:\/\/immo-expertise.fr\/wp-content\/uploads\/2020\/10\/two-storeyed-small-house-451x650.jpg 451w, https:\/\/immo-expertise.fr\/wp-content\/uploads\/2020\/10\/two-storeyed-small-house-312x450.jpg 312w, https:\/\/immo-expertise.fr\/wp-content\/uploads\/2020\/10\/two-storeyed-small-house-scaled.jpg 1777w\" sizes=\"auto, (max-width: 625px) 100vw, 625px\" \/>\t\t\t\t\t\t\t\t\t\t\t\t\t\t\t<\/div>\n\t\t\t\t<\/div>\n\t\t\t\t\t<\/div>\n\t\t<\/div>\n\t\t\t\t\t\t\t<\/div>\n\t\t<\/section>\n\t\t\t\t\t<\/div>\n\t\t<\/div>\n\t\t\t\t\t\t\t<\/div>\n\t\t<\/section>\n\t\t\t\t<section class=\"elementor-section elementor-top-section elementor-element elementor-element-19637b6 elementor-section-boxed elementor-section-height-default elementor-section-height-default\" data-id=\"19637b6\" data-element_type=\"section\">\n\t\t\t\t\t\t<div class=\"elementor-container elementor-column-gap-default\">\n\t\t\t\t\t<div class=\"elementor-column elementor-col-100 elementor-top-column elementor-element elementor-element-4aa8ce1\" data-id=\"4aa8ce1\" data-element_type=\"column\">\n\t\t\t<div class=\"elementor-widget-wrap elementor-element-populated\">\n\t\t\t\t\t\t\t\t<section class=\"elementor-section elementor-inner-section elementor-element elementor-element-a06f174 elementor-section-boxed elementor-section-height-default elementor-section-height-default\" data-id=\"a06f174\" data-element_type=\"section\">\n\t\t\t\t\t\t<div class=\"elementor-container elementor-column-gap-default\">\n\t\t\t\t\t<div class=\"elementor-column elementor-col-33 elementor-inner-column elementor-element elementor-element-230d802\" data-id=\"230d802\" data-element_type=\"column\">\n\t\t\t<div class=\"elementor-widget-wrap elementor-element-populated\">\n\t\t\t\t\t\t\t\t<div class=\"elementor-element elementor-element-5b52bbb elementor-widget elementor-widget-image\" data-id=\"5b52bbb\" data-element_type=\"widget\" data-widget_type=\"image.default\">\n\t\t\t\t<div class=\"elementor-widget-container\">\n\t\t\t\t\t\t\t\t\t\t\t\t\t\t\t<img loading=\"lazy\" decoding=\"async\" width=\"665\" height=\"1024\" src=\"https:\/\/immo-expertise.fr\/wp-content\/uploads\/2020\/10\/pen-magnifying-glass-and-the-working-paper-with-diagram-665x1024.jpg\" class=\"attachment-large size-large wp-image-83\" alt=\"\" srcset=\"https:\/\/immo-expertise.fr\/wp-content\/uploads\/2020\/10\/pen-magnifying-glass-and-the-working-paper-with-diagram-665x1024.jpg 665w, https:\/\/immo-expertise.fr\/wp-content\/uploads\/2020\/10\/pen-magnifying-glass-and-the-working-paper-with-diagram-195x300.jpg 195w, https:\/\/immo-expertise.fr\/wp-content\/uploads\/2020\/10\/pen-magnifying-glass-and-the-working-paper-with-diagram-768x1182.jpg 768w, https:\/\/immo-expertise.fr\/wp-content\/uploads\/2020\/10\/pen-magnifying-glass-and-the-working-paper-with-diagram-998x1536.jpg 998w, https:\/\/immo-expertise.fr\/wp-content\/uploads\/2020\/10\/pen-magnifying-glass-and-the-working-paper-with-diagram-1331x2048.jpg 1331w, https:\/\/immo-expertise.fr\/wp-content\/uploads\/2020\/10\/pen-magnifying-glass-and-the-working-paper-with-diagram-403x620.jpg 403w, https:\/\/immo-expertise.fr\/wp-content\/uploads\/2020\/10\/pen-magnifying-glass-and-the-working-paper-with-diagram-585x900.jpg 585w, https:\/\/immo-expertise.fr\/wp-content\/uploads\/2020\/10\/pen-magnifying-glass-and-the-working-paper-with-diagram-422x650.jpg 422w, https:\/\/immo-expertise.fr\/wp-content\/uploads\/2020\/10\/pen-magnifying-glass-and-the-working-paper-with-diagram-292x450.jpg 292w, https:\/\/immo-expertise.fr\/wp-content\/uploads\/2020\/10\/pen-magnifying-glass-and-the-working-paper-with-diagram-scaled.jpg 1663w\" sizes=\"auto, (max-width: 665px) 100vw, 665px\" \/>\t\t\t\t\t\t\t\t\t\t\t\t\t\t\t<\/div>\n\t\t\t\t<\/div>\n\t\t\t\t\t<\/div>\n\t\t<\/div>\n\t\t\t\t<div class=\"elementor-column elementor-col-66 elementor-inner-column elementor-element elementor-element-34ffbf1\" data-id=\"34ffbf1\" data-element_type=\"column\">\n\t\t\t<div class=\"elementor-widget-wrap elementor-element-populated\">\n\t\t\t\t\t\t\t\t<div class=\"elementor-element elementor-element-473396a elementor-widget-divider--view-line_text elementor-widget-divider--separator-type-pattern elementor-widget-divider--element-align-center elementor-widget elementor-widget-divider\" data-id=\"473396a\" data-element_type=\"widget\" data-widget_type=\"divider.default\">\n\t\t\t\t<div class=\"elementor-widget-container\">\n\t\t\t\t\t<div class=\"elementor-divider\" style=\"--divider-pattern-url: url(&quot;data:image\/svg+xml,%3Csvg xmlns=&#039;http:\/\/www.w3.org\/2000\/svg&#039; preserveAspectRatio=&#039;none&#039; overflow=&#039;visible&#039; height=&#039;100%&#039; viewBox=&#039;0 0 24 24&#039; fill=&#039;none&#039; stroke=&#039;black&#039; stroke-width=&#039;6.2&#039; stroke-linecap=&#039;square&#039; stroke-miterlimit=&#039;10&#039;%3E%3Cpath d=&#039;M0,6c6,0,0.9,11.1,6.9,11.1S18,6,24,6&#039;\/%3E%3C\/svg%3E&quot;);\">\n\t\t\t<span class=\"elementor-divider-separator\">\n\t\t\t\t\t\t\t<span class=\"elementor-divider__text elementor-divider__element\">\n\t\t\t\tComment se d\u00e9roule une expertise ?\t\t\t\t<\/span>\n\t\t\t\t\t\t<\/span>\n\t\t<\/div>\n\t\t\t\t<\/div>\n\t\t\t\t<\/div>\n\t\t\t\t<div class=\"elementor-element elementor-element-8a470cd elementor-widget elementor-widget-text-editor\" data-id=\"8a470cd\" data-element_type=\"widget\" data-widget_type=\"text-editor.default\">\n\t\t\t\t<div class=\"elementor-widget-container\">\n\t\t\t\t\t\t\t<h5><span style=\"color: #ff0000;\"><b>L\u2019expert proc\u00e8de \u00e0 une\u00a0visite d\u00e9taill\u00e9e\u00a0du bien<\/b><\/span> \u00e0 \u00e9valuer en examinant sa composition (nombre de pi\u00e8ces, superficie, architecture, mat\u00e9riaux de construction, analyse des diagnostics \u2026) et son environnement ainsi que l\u2019emplacement g\u00e9ographique du bien. Il v\u00e9rifie le plan cadastral, l\u2019origine de la propri\u00e9t\u00e9, les \u00e9ventuelles servitudes, le plan d\u2019occupation des sols, le plan du b\u00e2timent, le plan local d\u2019urbanisme, etc.\u00a0<\/h5><h5>Il \u00e9tudie avec attention le dossier du bien et tient compte de tous les param\u00e8tres pouvant faire augmenter ou diminuer la valeur du bien soumis \u00e0 l\u2019expertise (appr\u00e9ciation par rapport au march\u00e9 actuel, futures constructions dans le quartier et alentours, classement en zone inondable, s\u00e9curit\u00e9 prioritaire, urbaine sensible, littorale ou \u00e9co quartier \u2026).<\/h5><h5>\u00c0 la suite de cet\u00a0examen minutieux,<span style=\"color: #ff0000;\"><strong> il d\u00e9termine la\u00a0juste valeur<\/strong><\/span> du bien\u00a0en se basant sur des crit\u00e8res \u00e9conomiques, techniques, comptables, juridiques et fiscaux. Avec sa connaissance du march\u00e9 immobilier local et national, ainsi qu\u2019avec l\u2019aide de bases de donn\u00e9es regroupant les biens situ\u00e9s dans la m\u00eame zone g\u00e9ographique, il produit un r\u00e9sultat objectif qui est <span style=\"color: #ff0000;\"><strong>retranscrit dans un rapport formel officiel et d\u00e9taill\u00e9<\/strong>.<\/span><\/h5>\t\t\t\t\t\t<\/div>\n\t\t\t\t<\/div>\n\t\t\t\t\t<\/div>\n\t\t<\/div>\n\t\t\t\t\t\t\t<\/div>\n\t\t<\/section>\n\t\t\t\t<div class=\"elementor-element elementor-element-2239a9a elementor-widget elementor-widget-text-editor\" data-id=\"2239a9a\" data-element_type=\"widget\" data-widget_type=\"text-editor.default\">\n\t\t\t\t<div class=\"elementor-widget-container\">\n\t\t\t\t\t\t\t<h1><span style=\"color: #ffcc00;\">Pourquoi choisir ImmoExpertise ?<\/span><\/h1>\t\t\t\t\t\t<\/div>\n\t\t\t\t<\/div>\n\t\t\t\t<div class=\"elementor-element elementor-element-9305809 elementor-position-left elementor-vertical-align-middle elementor-invisible elementor-widget elementor-widget-image-box\" data-id=\"9305809\" data-element_type=\"widget\" data-settings=\"{&quot;_animation&quot;:&quot;fadeInLeft&quot;}\" data-widget_type=\"image-box.default\">\n\t\t\t\t<div class=\"elementor-widget-container\">\n\t\t\t<div class=\"elementor-image-box-wrapper\"><figure class=\"elementor-image-box-img\"><img loading=\"lazy\" decoding=\"async\" width=\"1024\" height=\"683\" src=\"https:\/\/immo-expertise.fr\/wp-content\/uploads\/2020\/10\/notary-s-public-pen-and-stamp-on-testament-and-contract-notary-public-tools-1024x683.jpg\" class=\"attachment-large size-large wp-image-86\" alt=\"\" srcset=\"https:\/\/immo-expertise.fr\/wp-content\/uploads\/2020\/10\/notary-s-public-pen-and-stamp-on-testament-and-contract-notary-public-tools-1024x683.jpg 1024w, https:\/\/immo-expertise.fr\/wp-content\/uploads\/2020\/10\/notary-s-public-pen-and-stamp-on-testament-and-contract-notary-public-tools-300x200.jpg 300w, https:\/\/immo-expertise.fr\/wp-content\/uploads\/2020\/10\/notary-s-public-pen-and-stamp-on-testament-and-contract-notary-public-tools-768x512.jpg 768w, https:\/\/immo-expertise.fr\/wp-content\/uploads\/2020\/10\/notary-s-public-pen-and-stamp-on-testament-and-contract-notary-public-tools-1536x1024.jpg 1536w, https:\/\/immo-expertise.fr\/wp-content\/uploads\/2020\/10\/notary-s-public-pen-and-stamp-on-testament-and-contract-notary-public-tools-2048x1365.jpg 2048w, https:\/\/immo-expertise.fr\/wp-content\/uploads\/2020\/10\/notary-s-public-pen-and-stamp-on-testament-and-contract-notary-public-tools-825x550.jpg 825w, https:\/\/immo-expertise.fr\/wp-content\/uploads\/2020\/10\/notary-s-public-pen-and-stamp-on-testament-and-contract-notary-public-tools-1350x900.jpg 1350w, https:\/\/immo-expertise.fr\/wp-content\/uploads\/2020\/10\/notary-s-public-pen-and-stamp-on-testament-and-contract-notary-public-tools-600x400.jpg 600w, https:\/\/immo-expertise.fr\/wp-content\/uploads\/2020\/10\/notary-s-public-pen-and-stamp-on-testament-and-contract-notary-public-tools-400x267.jpg 400w\" sizes=\"auto, (max-width: 1024px) 100vw, 1024px\" \/><\/figure><div class=\"elementor-image-box-content\"><h2 class=\"elementor-image-box-title\">Un expert agr\u00e9\u00e9<\/h2><p class=\"elementor-image-box-description\">Notre expert a \u00e9t\u00e9 form\u00e9 par le Centre National de l\u2019Expertise (CNE) et poss\u00e8de plus de 20 ann\u00e9es d\u2019exp\u00e9rience\u00a0dans divers domaines de l\u2019immobilier, sa vision n\u2019est pas celle d\u2019un\u00a0vendeur ou d'un interm\u00e9diaire en immobilier, mais bien celle d\u2019un professionnel de l\u2019immobilier et de l\u2019analyse patrimoniale.\n\nSes comp\u00e9tences s\u2019exercent tant sur l\u2019immobilier d\u2019habitation que sur l\u2019immobilier tertiaire et sa formation lui permet \u00e9galement d\u2019intervenir dans le domaine de l\u2019\u00e9valuation judiciaire.<\/p><\/div><\/div>\t\t<\/div>\n\t\t\t\t<\/div>\n\t\t\t\t<div class=\"elementor-element elementor-element-774d45e elementor-position-left elementor-vertical-align-middle elementor-invisible elementor-widget elementor-widget-image-box\" data-id=\"774d45e\" data-element_type=\"widget\" data-settings=\"{&quot;_animation&quot;:&quot;fadeInLeft&quot;}\" data-widget_type=\"image-box.default\">\n\t\t\t\t<div class=\"elementor-widget-container\">\n\t\t\t<div class=\"elementor-image-box-wrapper\"><figure class=\"elementor-image-box-img\"><img loading=\"lazy\" decoding=\"async\" width=\"1024\" height=\"684\" src=\"https:\/\/immo-expertise.fr\/wp-content\/uploads\/2020\/10\/coins-stacked-on-purchase-contract-documents-selling-goods-and-profit-analysis-1024x684.jpg\" class=\"attachment-large size-large wp-image-88\" alt=\"\" srcset=\"https:\/\/immo-expertise.fr\/wp-content\/uploads\/2020\/10\/coins-stacked-on-purchase-contract-documents-selling-goods-and-profit-analysis-1024x684.jpg 1024w, https:\/\/immo-expertise.fr\/wp-content\/uploads\/2020\/10\/coins-stacked-on-purchase-contract-documents-selling-goods-and-profit-analysis-300x200.jpg 300w, https:\/\/immo-expertise.fr\/wp-content\/uploads\/2020\/10\/coins-stacked-on-purchase-contract-documents-selling-goods-and-profit-analysis-768x513.jpg 768w, https:\/\/immo-expertise.fr\/wp-content\/uploads\/2020\/10\/coins-stacked-on-purchase-contract-documents-selling-goods-and-profit-analysis-1536x1025.jpg 1536w, https:\/\/immo-expertise.fr\/wp-content\/uploads\/2020\/10\/coins-stacked-on-purchase-contract-documents-selling-goods-and-profit-analysis-2048x1367.jpg 2048w, https:\/\/immo-expertise.fr\/wp-content\/uploads\/2020\/10\/coins-stacked-on-purchase-contract-documents-selling-goods-and-profit-analysis-825x551.jpg 825w, https:\/\/immo-expertise.fr\/wp-content\/uploads\/2020\/10\/coins-stacked-on-purchase-contract-documents-selling-goods-and-profit-analysis-1348x900.jpg 1348w, https:\/\/immo-expertise.fr\/wp-content\/uploads\/2020\/10\/coins-stacked-on-purchase-contract-documents-selling-goods-and-profit-analysis-600x401.jpg 600w, https:\/\/immo-expertise.fr\/wp-content\/uploads\/2020\/10\/coins-stacked-on-purchase-contract-documents-selling-goods-and-profit-analysis-400x267.jpg 400w\" sizes=\"auto, (max-width: 1024px) 100vw, 1024px\" \/><\/figure><div class=\"elementor-image-box-content\"><h2 class=\"elementor-image-box-title\">Une mission sans surprises<\/h2><p class=\"elementor-image-box-description\">Nous vous r\u00e9alisons un devis, et un contrat vient encadrer la mission, tout est clair et sans surprises.<\/p><\/div><\/div>\t\t<\/div>\n\t\t\t\t<\/div>\n\t\t\t\t<div class=\"elementor-element elementor-element-0eb2114 elementor-position-left elementor-vertical-align-middle elementor-invisible elementor-widget elementor-widget-image-box\" data-id=\"0eb2114\" data-element_type=\"widget\" data-settings=\"{&quot;_animation&quot;:&quot;fadeInLeft&quot;}\" data-widget_type=\"image-box.default\">\n\t\t\t\t<div class=\"elementor-widget-container\">\n\t\t\t<div class=\"elementor-image-box-wrapper\"><figure class=\"elementor-image-box-img\"><img loading=\"lazy\" decoding=\"async\" width=\"1024\" height=\"684\" src=\"https:\/\/immo-expertise.fr\/wp-content\/uploads\/2020\/10\/hourglass-on-wooden-background-with-copy-space-concept-of-running-out-of-time-and-deadline-scaled-e1602845635646-1024x684.jpg\" class=\"attachment-large size-large wp-image-91\" alt=\"\" srcset=\"https:\/\/immo-expertise.fr\/wp-content\/uploads\/2020\/10\/hourglass-on-wooden-background-with-copy-space-concept-of-running-out-of-time-and-deadline-scaled-e1602845635646-1024x684.jpg 1024w, https:\/\/immo-expertise.fr\/wp-content\/uploads\/2020\/10\/hourglass-on-wooden-background-with-copy-space-concept-of-running-out-of-time-and-deadline-scaled-e1602845635646-300x200.jpg 300w, https:\/\/immo-expertise.fr\/wp-content\/uploads\/2020\/10\/hourglass-on-wooden-background-with-copy-space-concept-of-running-out-of-time-and-deadline-scaled-e1602845635646-768x513.jpg 768w, https:\/\/immo-expertise.fr\/wp-content\/uploads\/2020\/10\/hourglass-on-wooden-background-with-copy-space-concept-of-running-out-of-time-and-deadline-scaled-e1602845635646-1536x1025.jpg 1536w, https:\/\/immo-expertise.fr\/wp-content\/uploads\/2020\/10\/hourglass-on-wooden-background-with-copy-space-concept-of-running-out-of-time-and-deadline-scaled-e1602845635646-2048x1367.jpg 2048w, https:\/\/immo-expertise.fr\/wp-content\/uploads\/2020\/10\/hourglass-on-wooden-background-with-copy-space-concept-of-running-out-of-time-and-deadline-scaled-e1602845635646-825x551.jpg 825w, https:\/\/immo-expertise.fr\/wp-content\/uploads\/2020\/10\/hourglass-on-wooden-background-with-copy-space-concept-of-running-out-of-time-and-deadline-scaled-e1602845635646-1348x900.jpg 1348w, https:\/\/immo-expertise.fr\/wp-content\/uploads\/2020\/10\/hourglass-on-wooden-background-with-copy-space-concept-of-running-out-of-time-and-deadline-scaled-e1602845635646-600x401.jpg 600w, https:\/\/immo-expertise.fr\/wp-content\/uploads\/2020\/10\/hourglass-on-wooden-background-with-copy-space-concept-of-running-out-of-time-and-deadline-scaled-e1602845635646-400x267.jpg 400w\" sizes=\"auto, (max-width: 1024px) 100vw, 1024px\" \/><\/figure><div class=\"elementor-image-box-content\"><h2 class=\"elementor-image-box-title\">Des d\u00e9lais ma\u00eetris\u00e9s<\/h2><p class=\"elementor-image-box-description\">Notre prise de rendez-vous sur place est rapide et le rapport d'\u00e9valuation vous est remis dans un d\u00e9lai convenu \u00e0 l'avance et sur lequel nous nous engageons.<\/p><\/div><\/div>\t\t<\/div>\n\t\t\t\t<\/div>\n\t\t\t\t\t<\/div>\n\t\t<\/div>\n\t\t\t\t\t\t\t<\/div>\n\t\t<\/section>\n\t\t\t\t<section class=\"elementor-section elementor-top-section elementor-element elementor-element-8b1d231 elementor-section-boxed elementor-section-height-default elementor-section-height-default\" data-id=\"8b1d231\" data-element_type=\"section\">\n\t\t\t\t\t\t<div class=\"elementor-container elementor-column-gap-default\">\n\t\t\t\t\t<div class=\"elementor-column elementor-col-100 elementor-top-column elementor-element elementor-element-72e4113\" data-id=\"72e4113\" data-element_type=\"column\">\n\t\t\t<div class=\"elementor-widget-wrap\">\n\t\t\t\t\t\t\t\t\t<\/div>\n\t\t<\/div>\n\t\t\t\t\t\t\t<\/div>\n\t\t<\/section>\n\t\t\t\t\t\t\t<\/div>\n\t\t","protected":false},"excerpt":{"rendered":"<p>Pourquoi un Expert immobilier ? La\u00a0mission de l\u2019expert immobilier est de d\u00e9terminer de fa\u00e7on pr\u00e9cise et objective la\u00a0valeur v\u00e9nale\u00a0d\u2019un bien,\u00a0c\u2019est-\u00e0-dire le prix auquel ce bien peut \u00eatre vendu d\u2019apr\u00e8s l\u2019\u00e9tat&hellip;<a href=\"https:\/\/immo-expertise.fr\/\" class=\"more-link\"><span class=\"more-button\">Continue reading<span class=\"screen-reader-text\">Combien vaut votre bien immobilier ?<\/span><\/span><\/a><\/p>\n","protected":false},"author":1,"featured_media":0,"parent":0,"menu_order":0,"comment_status":"closed","ping_status":"closed","template":"","meta":{"content-type":"","footnotes":""},"class_list":["post-17","page","type-page","status-publish","hentry"],"_links":{"self":[{"href":"https:\/\/immo-expertise.fr\/index.php\/wp-json\/wp\/v2\/pages\/17","targetHints":{"allow":["GET"]}}],"collection":[{"href":"https:\/\/immo-expertise.fr\/index.php\/wp-json\/wp\/v2\/pages"}],"about":[{"href":"https:\/\/immo-expertise.fr\/index.php\/wp-json\/wp\/v2\/types\/page"}],"author":[{"embeddable":true,"href":"https:\/\/immo-expertise.fr\/index.php\/wp-json\/wp\/v2\/users\/1"}],"replies":[{"embeddable":true,"href":"https:\/\/immo-expertise.fr\/index.php\/wp-json\/wp\/v2\/comments?post=17"}],"version-history":[{"count":27,"href":"https:\/\/immo-expertise.fr\/index.php\/wp-json\/wp\/v2\/pages\/17\/revisions"}],"predecessor-version":[{"id":113,"href":"https:\/\/immo-expertise.fr\/index.php\/wp-json\/wp\/v2\/pages\/17\/revisions\/113"}],"wp:attachment":[{"href":"https:\/\/immo-expertise.fr\/index.php\/wp-json\/wp\/v2\/media?parent=17"}],"curies":[{"name":"wp","href":"https:\/\/api.w.org\/{rel}","templated":true}]}}